{"id":223,"date":"2017-07-05T15:10:32","date_gmt":"2017-07-05T13:10:32","guid":{"rendered":"http:\/\/www.lachabotiere.com\/?page_id=223&#038;lang=nl"},"modified":"2017-08-04T15:58:21","modified_gmt":"2017-08-04T13:58:21","slug":"luche-pringe","status":"publish","type":"page","link":"https:\/\/www.lachabotiere.com\/nl\/de-streek\/luche-pringe\/","title":{"rendered":"Luch\u00e9-Pring\u00e9"},"content":{"rendered":"<p><a href=\"http:\/\/www.ville-luche-pringe.fr\/\" target=\"_blank\" rel=\"noopener\">http:\/\/www.ville-luche-pringe.fr\/<\/a><\/p>\n<p style=\"text-align: justify;\">De gemeente Luch\u00e9-Pring\u00e9 is aan het begin van de 19e eeuw ontstaan door het samensmelten van de dorpen Luch\u00e9 en Pring\u00e9. Het stadje ligt op:<\/p>\n<ul style=\"text-align: justify;\">\n<li>11 kilometer van La Fl\u00e8che,<\/li>\n<li>33,8 kilometer van Le Mans,<\/li>\n<li>54,1 km van Angers,<\/li>\n<li>57,1 km van Tours<\/li>\n<li>en 211,3 km van Parijs<\/li>\n<\/ul>\n<p style=\"text-align: justify;\">De gemeente Luch\u00e9-Pring\u00e9 telt minder dan 2.000 inwoners en bezit een rijk architectonisch en landschappelijk erfgoed. Met 7 geclassificeerde monumenten is Luch\u00e9-Pring\u00e9 de <strong>derde gemeente in het departement Sarthe wat betreft het aantal historische monumenten.<\/strong> Luch\u00e9-Pring\u00e9 is een van de 7 gemeenten in de Sarthe met het label \u201cPetites cit\u00e9s de Caract\u00e8re\u201d. De historische monumenten in het dorp vallen onder monumentenzorg (<em><strong>Zone de Protection du Patrimoine Architectural, Urbain et Paysager<\/strong><\/em>: ZPPAUP). Het dorp kent een rijke historie en bezit bijzonder architectonisch en landschappelijk erfgoed.<\/p>\n<p style=\"text-align: justify;\">In Luch\u00e9-Pring\u00e9 worden gedurende het hele jaar veel culturele voorstellingen, feesten en sportieve activiteiten georganiseerd.<\/p>\n","protected":false},"excerpt":{"rendered":"<p>http:\/\/www.ville-luche-pringe.fr\/ De gemeente Luch\u00e9-Pring\u00e9 is aan het begin van de 19e eeuw ontstaan door het samensmelten van de dorpen Luch\u00e9 en Pring\u00e9. Het stadje ligt op: 11 kilometer van La Fl\u00e8che, 33,8 kilometer van Le Mans, 54,1 km van Angers, 57,1 km van Tours en 211,3 km van Parijs De gemeente Luch\u00e9-Pring\u00e9 telt minder dan [&hellip;]<\/p>\n","protected":false},"author":1,"featured_media":310,"parent":221,"menu_order":32,"comment_status":"closed","ping_status":"closed","template":"","meta":{"footnotes":""},"class_list":["post-223","page","type-page","status-publish","has-post-thumbnail","hentry"],"_links":{"self":[{"href":"https:\/\/www.lachabotiere.com\/nl\/wp-json\/wp\/v2\/pages\/223","targetHints":{"allow":["GET"]}}],"collection":[{"href":"https:\/\/www.lachabotiere.com\/nl\/wp-json\/wp\/v2\/pages"}],"about":[{"href":"https:\/\/www.lachabotiere.com\/nl\/wp-json\/wp\/v2\/types\/page"}],"author":[{"embeddable":true,"href":"https:\/\/www.lachabotiere.com\/nl\/wp-json\/wp\/v2\/users\/1"}],"replies":[{"embeddable":true,"href":"https:\/\/www.lachabotiere.com\/nl\/wp-json\/wp\/v2\/comments?post=223"}],"version-history":[{"count":13,"href":"https:\/\/www.lachabotiere.com\/nl\/wp-json\/wp\/v2\/pages\/223\/revisions"}],"predecessor-version":[{"id":817,"href":"https:\/\/www.lachabotiere.com\/nl\/wp-json\/wp\/v2\/pages\/223\/revisions\/817"}],"up":[{"embeddable":true,"href":"https:\/\/www.lachabotiere.com\/nl\/wp-json\/wp\/v2\/pages\/221"}],"wp:featuredmedia":[{"embeddable":true,"href":"https:\/\/www.lachabotiere.com\/nl\/wp-json\/wp\/v2\/media\/310"}],"wp:attachment":[{"href":"https:\/\/www.lachabotiere.com\/nl\/wp-json\/wp\/v2\/media?parent=223"}],"curies":[{"name":"wp","href":"https:\/\/api.w.org\/{rel}","templated":true}]}}