{"id":215,"date":"2017-07-05T15:10:06","date_gmt":"2017-07-05T13:10:06","guid":{"rendered":"http:\/\/www.lachabotiere.com\/?page_id=215&#038;lang=nl"},"modified":"2024-10-17T09:28:19","modified_gmt":"2024-10-17T07:28:19","slug":"contact","status":"publish","type":"page","link":"https:\/\/www.lachabotiere.com\/nl\/contact\/","title":{"rendered":"Contact"},"content":{"rendered":"<h3>Gegevens<\/h3>\n<p><strong>Camping*** La Chaboti\u00e8re<\/strong><br \/>\nPlace des Tilleuls<br \/>\n72800 Luch\u00e9-Pring\u00e9<br \/>\nTel\/Fax : +33 2 43 45 10 00<\/p>\n<p><strong>OPENING HOURS<\/strong><br \/>\nJuly \/ August: 8:30am to 13am and 14pm to 19:30pm<br \/>\nApril &#8211; June \/ September : 9am to 12 noon and 2pm to 7pm<br \/>\n1st October to 31st March: call<strong> +\u00a033\u00a06 74 78 39 97<\/strong><\/p>\n<p><strong>In case of emergency, ring the interphone at reception, night or day.<\/strong><\/p>\n<p>Verhuur chalets\u00a0: u kunt de chalets het gehele jaar reserveren.<\/p>\n<p>Door de velden van dit formulier in te vullen, gaat u ermee akkoord dat we per e-mail of telefoon contact met u opnemen om op uw verzoek te reageren. Voor meer informatie, kunt u ons <a href=\"http:\/\/www.lachabotiere.com\/nl\/privacybeleid\/\">privacybeleid lezen<\/a>.<\/p>\n","protected":false},"excerpt":{"rendered":"<p>Gegevens Camping*** La Chaboti\u00e8re Place des Tilleuls 72800 Luch\u00e9-Pring\u00e9 Tel\/Fax : +33 2 43 45 10 00 OPENING HOURS July \/ August: 8:30am to 13am and 14pm to 19:30pm April &#8211; June \/ September : 9am to 12 noon and 2pm to 7pm 1st October to 31st March: call +\u00a033\u00a06 74 78 39 97 In [&hellip;]<\/p>\n","protected":false},"author":1,"featured_media":0,"parent":0,"menu_order":3,"comment_status":"closed","ping_status":"closed","template":"page-contact.php","meta":{"footnotes":""},"class_list":["post-215","page","type-page","status-publish","hentry"],"_links":{"self":[{"href":"https:\/\/www.lachabotiere.com\/nl\/wp-json\/wp\/v2\/pages\/215","targetHints":{"allow":["GET"]}}],"collection":[{"href":"https:\/\/www.lachabotiere.com\/nl\/wp-json\/wp\/v2\/pages"}],"about":[{"href":"https:\/\/www.lachabotiere.com\/nl\/wp-json\/wp\/v2\/types\/page"}],"author":[{"embeddable":true,"href":"https:\/\/www.lachabotiere.com\/nl\/wp-json\/wp\/v2\/users\/1"}],"replies":[{"embeddable":true,"href":"https:\/\/www.lachabotiere.com\/nl\/wp-json\/wp\/v2\/comments?post=215"}],"version-history":[{"count":15,"href":"https:\/\/www.lachabotiere.com\/nl\/wp-json\/wp\/v2\/pages\/215\/revisions"}],"predecessor-version":[{"id":1383,"href":"https:\/\/www.lachabotiere.com\/nl\/wp-json\/wp\/v2\/pages\/215\/revisions\/1383"}],"wp:attachment":[{"href":"https:\/\/www.lachabotiere.com\/nl\/wp-json\/wp\/v2\/media?parent=215"}],"curies":[{"name":"wp","href":"https:\/\/api.w.org\/{rel}","templated":true}]}}