{"id":1417,"date":"2024-10-17T10:07:47","date_gmt":"2024-10-17T08:07:47","guid":{"rendered":"http:\/\/www.lachabotiere.com\/?page_id=1417"},"modified":"2026-04-15T12:23:21","modified_gmt":"2026-04-15T10:23:21","slug":"peche-en-riviere","status":"publish","type":"page","link":"https:\/\/www.lachabotiere.com\/nl\/services\/peche-en-riviere\/","title":{"rendered":"Vissen in de rivier"},"content":{"rendered":"\n<p data-start=\"85\" data-end=\"265\">Geniet van een ontspannen vissessie aan de prachtige rivier de Loir! Vanaf de oever van de camping heeft u direct toegang tot dit paradijs voor vissers.<\/p>\n<p data-start=\"267\" data-end=\"346\">Met een geldige visvergunning kunt u volop genieten van de rust en de natuur.<\/p>\n<p data-start=\"348\" data-end=\"655\">Uw vergunning koopt u eenvoudig bij de receptie van de camping. Wilt u alvast meer weten? Kijk dan op de website van de <strong data-start=\"468\" data-end=\"514\">F\u00e9d\u00e9ration Nationale de la P\u00eache en France<\/strong> en ontdek alles over vissen en de bescherming van het aquatisch milieu: <a class=\"decorated-link\" href=\"https:\/\/www.generationpeche.fr\/\" target=\"_new\" rel=\"noopener noreferrer\" data-start=\"587\" data-end=\"653\">https:\/\/www.generationpeche.fr\/<\/a><\/p>\n","protected":false},"excerpt":{"rendered":"<p>Geniet van een ontspannen vissessie aan de prachtige rivier de Loir! Vanaf de oever van de camping heeft u direct toegang tot dit paradijs voor vissers. Met een geldige visvergunning kunt u volop genieten van de rust en de natuur. Uw vergunning koopt u eenvoudig bij de receptie van de camping. Wilt u alvast meer [&hellip;]<\/p>\n","protected":false},"author":3,"featured_media":1348,"parent":237,"menu_order":23,"comment_status":"closed","ping_status":"closed","template":"","meta":{"footnotes":""},"class_list":["post-1417","page","type-page","status-publish","has-post-thumbnail","hentry"],"_links":{"self":[{"href":"https:\/\/www.lachabotiere.com\/nl\/wp-json\/wp\/v2\/pages\/1417","targetHints":{"allow":["GET"]}}],"collection":[{"href":"https:\/\/www.lachabotiere.com\/nl\/wp-json\/wp\/v2\/pages"}],"about":[{"href":"https:\/\/www.lachabotiere.com\/nl\/wp-json\/wp\/v2\/types\/page"}],"author":[{"embeddable":true,"href":"https:\/\/www.lachabotiere.com\/nl\/wp-json\/wp\/v2\/users\/3"}],"replies":[{"embeddable":true,"href":"https:\/\/www.lachabotiere.com\/nl\/wp-json\/wp\/v2\/comments?post=1417"}],"version-history":[{"count":3,"href":"https:\/\/www.lachabotiere.com\/nl\/wp-json\/wp\/v2\/pages\/1417\/revisions"}],"predecessor-version":[{"id":1676,"href":"https:\/\/www.lachabotiere.com\/nl\/wp-json\/wp\/v2\/pages\/1417\/revisions\/1676"}],"up":[{"embeddable":true,"href":"https:\/\/www.lachabotiere.com\/nl\/wp-json\/wp\/v2\/pages\/237"}],"wp:featuredmedia":[{"embeddable":true,"href":"https:\/\/www.lachabotiere.com\/nl\/wp-json\/wp\/v2\/media\/1348"}],"wp:attachment":[{"href":"https:\/\/www.lachabotiere.com\/nl\/wp-json\/wp\/v2\/media?parent=1417"}],"curies":[{"name":"wp","href":"https:\/\/api.w.org\/{rel}","templated":true}]}}