{"id":38,"date":"2017-06-19T11:47:09","date_gmt":"2017-06-19T09:47:09","guid":{"rendered":"http:\/\/www.lachabotiere.com\/accueil\/?lang=en"},"modified":"2024-10-11T13:47:45","modified_gmt":"2024-10-11T11:47:45","slug":"accueil","status":"publish","type":"page","link":"https:\/\/www.lachabotiere.com\/en\/","title":{"rendered":"Welcome"},"content":{"rendered":"<p>Ideally located on the bank of the Loir, our campsite is peaceful, surrounded by nature, and close to the shops in the village of <a href=\"http:\/\/www.ville-luche-pringe.fr\/\" target=\"_blank\" rel=\"noopener noreferrer\">Luch\u00e9-Pring\u00e9<\/a>. <strong>The Chaboti\u00e8re campsite<\/strong> is located in the Sarthe region, 50 minutes from <strong>Le Mans<\/strong> and 1 hour from <strong>Tours and Angers<\/strong>.<\/p>\n<p>The campsite is <strong>open all year round<\/strong>, we have 10 chalets. Canvas bungalow tents, caravan spaces, camper vans, and tents are available to rent from 1st April to 30th September at la Chaboti\u00e8re. We have a carpark inside the campsite that we monitor. The chalets are very well-equipped, each one has a laundry room with a washing machine, and <strong>one of the 10 chalets is accessible to persons of reduced mobility<\/strong>.<\/p>\n<p>Whether you visit with family or friends, you can take part in the many activities that the campsite has to offer: mini-golf, swimming pool, kayaking, fishing, tennis, performances, face painting, etc., as well as activities in the village and surrounding area: visit the <strong><a href=\"http:\/\/loire-chateaux.org\/\" target=\"_blank\" rel=\"noopener noreferrer\">Castles of the Loire<\/a><\/strong>, <strong><a href=\"http:\/\/www.zoo-la-fleche.com\/\" target=\"_blank\" rel=\"noopener noreferrer\">la Fl\u00e8che zoo<\/a><\/strong>, <strong><a href=\"http:\/\/www.lemans.org\/fr\/24-heures-du-mans\" target=\"_blank\" rel=\"noopener noreferrer\">24h of Le Mans<\/a><\/strong>, walking and cycling trails, etc.<\/p>\n<p><span style=\"color: #0000ff;\"><em>We offer a <strong>5%<\/strong> reduction of for a 2-week chalet booking in July and August, and a <strong>10%<\/strong> reduction in the off season.<\/em><\/span><\/p>\n","protected":false},"excerpt":{"rendered":"<p>Ideally located on the bank of the Loir, our campsite is peaceful, surrounded by nature, and close to the shops in the village of Luch\u00e9-Pring\u00e9. The Chaboti\u00e8re campsite is located in the Sarthe region, 50 minutes from Le Mans and 1 hour from Tours and Angers. The campsite is open all year round, we have [&hellip;]<\/p>\n","protected":false},"author":1,"featured_media":0,"parent":0,"menu_order":23,"comment_status":"closed","ping_status":"open","template":"page-accueil.php","meta":{"footnotes":""},"class_list":["post-38","page","type-page","status-publish","hentry"],"_links":{"self":[{"href":"https:\/\/www.lachabotiere.com\/en\/wp-json\/wp\/v2\/pages\/38","targetHints":{"allow":["GET"]}}],"collection":[{"href":"https:\/\/www.lachabotiere.com\/en\/wp-json\/wp\/v2\/pages"}],"about":[{"href":"https:\/\/www.lachabotiere.com\/en\/wp-json\/wp\/v2\/types\/page"}],"author":[{"embeddable":true,"href":"https:\/\/www.lachabotiere.com\/en\/wp-json\/wp\/v2\/users\/1"}],"replies":[{"embeddable":true,"href":"https:\/\/www.lachabotiere.com\/en\/wp-json\/wp\/v2\/comments?post=38"}],"version-history":[{"count":21,"href":"https:\/\/www.lachabotiere.com\/en\/wp-json\/wp\/v2\/pages\/38\/revisions"}],"predecessor-version":[{"id":1380,"href":"https:\/\/www.lachabotiere.com\/en\/wp-json\/wp\/v2\/pages\/38\/revisions\/1380"}],"wp:attachment":[{"href":"https:\/\/www.lachabotiere.com\/en\/wp-json\/wp\/v2\/media?parent=38"}],"curies":[{"name":"wp","href":"https:\/\/api.w.org\/{rel}","templated":true}]}}