{"id":222,"date":"2017-07-05T15:10:29","date_gmt":"2017-07-05T13:10:29","guid":{"rendered":"http:\/\/www.lachabotiere.com\/?page_id=222&#038;lang=en"},"modified":"2017-08-03T12:09:43","modified_gmt":"2017-08-03T10:09:43","slug":"region","status":"publish","type":"page","link":"https:\/\/www.lachabotiere.com\/en\/region\/","title":{"rendered":"Region"},"content":{"rendered":"<p style=\"text-align: justify;\">A few kilometres from the castles of the Loire, the Loir Valley weaves arounds hillsides dotted with caves and troglodyte dwellings. Known for its vineyards (Jasni\u00e8res, coteaux du Loir), the Loir Valley also boasts <strong>La Fl\u00e8che zoo<\/strong>, hiking trails, the <strong>Green path to Baug\u00e9<\/strong>, La Fl\u00e8che and Le Lude, among other sites of interest. You will be enchanted by the <strong>delicious local cuisine<\/strong>, <strong>charming villages <\/strong>and <strong>delightful forests<\/strong> of the Loir Valley.<\/p>\n<p><strong>Enjoy your stay !<\/strong><\/p>\n","protected":false},"excerpt":{"rendered":"<p>A few kilometres from the castles of the Loire, the Loir Valley weaves arounds hillsides dotted with caves and troglodyte dwellings. Known for its vineyards (Jasni\u00e8res, coteaux du Loir), the Loir Valley also boasts La Fl\u00e8che zoo, hiking trails, the Green path to Baug\u00e9, La Fl\u00e8che and Le Lude, among other sites of interest. You [&hellip;]<\/p>\n","protected":false},"author":1,"featured_media":0,"parent":0,"menu_order":27,"comment_status":"closed","ping_status":"closed","template":"page-region.php","meta":{"footnotes":""},"class_list":["post-222","page","type-page","status-publish","hentry"],"_links":{"self":[{"href":"https:\/\/www.lachabotiere.com\/en\/wp-json\/wp\/v2\/pages\/222","targetHints":{"allow":["GET"]}}],"collection":[{"href":"https:\/\/www.lachabotiere.com\/en\/wp-json\/wp\/v2\/pages"}],"about":[{"href":"https:\/\/www.lachabotiere.com\/en\/wp-json\/wp\/v2\/types\/page"}],"author":[{"embeddable":true,"href":"https:\/\/www.lachabotiere.com\/en\/wp-json\/wp\/v2\/users\/1"}],"replies":[{"embeddable":true,"href":"https:\/\/www.lachabotiere.com\/en\/wp-json\/wp\/v2\/comments?post=222"}],"version-history":[{"count":12,"href":"https:\/\/www.lachabotiere.com\/en\/wp-json\/wp\/v2\/pages\/222\/revisions"}],"predecessor-version":[{"id":761,"href":"https:\/\/www.lachabotiere.com\/en\/wp-json\/wp\/v2\/pages\/222\/revisions\/761"}],"wp:attachment":[{"href":"https:\/\/www.lachabotiere.com\/en\/wp-json\/wp\/v2\/media?parent=222"}],"curies":[{"name":"wp","href":"https:\/\/api.w.org\/{rel}","templated":true}]}}