{"id":216,"date":"2017-07-05T15:10:12","date_gmt":"2017-07-05T13:10:12","guid":{"rendered":"http:\/\/www.lachabotiere.com\/?page_id=216&#038;lang=en"},"modified":"2024-10-17T09:27:06","modified_gmt":"2024-10-17T07:27:06","slug":"contact","status":"publish","type":"page","link":"https:\/\/www.lachabotiere.com\/en\/contact\/","title":{"rendered":"Contact"},"content":{"rendered":"<h3>Contact information<\/h3>\n<p><strong>Camping*** La Chaboti\u00e8re<\/strong><br \/>\nPlace des Tilleuls<br \/>\n72800 Luch\u00e9-Pring\u00e9<br \/>\nT\u00e9l\/Fax : +33 2 43 45 10 00<\/p>\n<p><strong>OPENING HOURS<\/strong><br \/>\nJuly \/ August: 8:30am to 13am and 14pm to 19:30pm<br \/>\nApril &#8211; June \/ September : 9am to 12 noon and 2pm to 7pm<br \/>\n1st October to 31st March: call<strong> +\u00a033\u00a06 74 78 39 97<\/strong><\/p>\n<p><strong>In case of emergency, ring the interphone at reception, night or day.<\/strong><\/p>\n<p>Chalets available for hire all year round. Please book ahead.<\/p>\n<p>By filling in the fields of this form, you agree that we will contact you by email or phone to respond to your request. For more information, you can read our<a href=\"http:\/\/www.lachabotiere.com\/en\/privacy-policy\/\"> Privacy Policy<\/a>.<\/p>\n","protected":false},"excerpt":{"rendered":"<p>Contact information Camping*** La Chaboti\u00e8re Place des Tilleuls 72800 Luch\u00e9-Pring\u00e9 T\u00e9l\/Fax : +33 2 43 45 10 00 OPENING HOURS July \/ August: 8:30am to 13am and 14pm to 19:30pm April &#8211; June \/ September : 9am to 12 noon and 2pm to 7pm 1st October to 31st March: call +\u00a033\u00a06 74 78 39 97 [&hellip;]<\/p>\n","protected":false},"author":1,"featured_media":0,"parent":0,"menu_order":3,"comment_status":"closed","ping_status":"closed","template":"page-contact.php","meta":{"footnotes":""},"class_list":["post-216","page","type-page","status-publish","hentry"],"_links":{"self":[{"href":"https:\/\/www.lachabotiere.com\/en\/wp-json\/wp\/v2\/pages\/216","targetHints":{"allow":["GET"]}}],"collection":[{"href":"https:\/\/www.lachabotiere.com\/en\/wp-json\/wp\/v2\/pages"}],"about":[{"href":"https:\/\/www.lachabotiere.com\/en\/wp-json\/wp\/v2\/types\/page"}],"author":[{"embeddable":true,"href":"https:\/\/www.lachabotiere.com\/en\/wp-json\/wp\/v2\/users\/1"}],"replies":[{"embeddable":true,"href":"https:\/\/www.lachabotiere.com\/en\/wp-json\/wp\/v2\/comments?post=216"}],"version-history":[{"count":6,"href":"https:\/\/www.lachabotiere.com\/en\/wp-json\/wp\/v2\/pages\/216\/revisions"}],"predecessor-version":[{"id":1382,"href":"https:\/\/www.lachabotiere.com\/en\/wp-json\/wp\/v2\/pages\/216\/revisions\/1382"}],"wp:attachment":[{"href":"https:\/\/www.lachabotiere.com\/en\/wp-json\/wp\/v2\/media?parent=216"}],"curies":[{"name":"wp","href":"https:\/\/api.w.org\/{rel}","templated":true}]}}