{"id":1419,"date":"2024-10-17T10:08:11","date_gmt":"2024-10-17T08:08:11","guid":{"rendered":"http:\/\/www.lachabotiere.com\/?page_id=1419"},"modified":"2026-04-15T12:15:56","modified_gmt":"2026-04-15T10:15:56","slug":"peche-en-riviere","status":"publish","type":"page","link":"https:\/\/www.lachabotiere.com\/en\/activities\/peche-en-riviere\/","title":{"rendered":"Fishing in the river"},"content":{"rendered":"\n<p data-start=\"81\" data-end=\"275\">Enjoy a relaxing fishing experience along the beautiful Loir River! From the campsite\u2019s riverbank, you have direct access to this little paradise for fishing lovers.<\/p>\n<p data-start=\"277\" data-end=\"360\">With a valid fishing permit, you can fully enjoy the peace and nature around you.<\/p>\n<p data-start=\"362\" data-end=\"660\">Fishing permits are available right at the campsite reception. Want to find out more? Visit the website of the <strong data-start=\"473\" data-end=\"519\">F\u00e9d\u00e9ration Nationale de la P\u00eache en France<\/strong> and learn all about fishing and the protection of aquatic environments: <a class=\"decorated-link\" href=\"https:\/\/www.generationpeche.fr\/\" target=\"_new\" rel=\"noopener noreferrer\" data-start=\"592\" data-end=\"658\">https:\/\/www.generationpeche.fr\/<\/a><\/p>\n","protected":false},"excerpt":{"rendered":"<p>Enjoy a relaxing fishing experience along the beautiful Loir River! From the campsite\u2019s riverbank, you have direct access to this little paradise for fishing lovers. With a valid fishing permit, you can fully enjoy the peace and nature around you. Fishing permits are available right at the campsite reception. Want to find out more? Visit [&hellip;]<\/p>\n","protected":false},"author":3,"featured_media":1349,"parent":238,"menu_order":23,"comment_status":"closed","ping_status":"closed","template":"","meta":{"footnotes":""},"class_list":["post-1419","page","type-page","status-publish","has-post-thumbnail","hentry"],"_links":{"self":[{"href":"https:\/\/www.lachabotiere.com\/en\/wp-json\/wp\/v2\/pages\/1419","targetHints":{"allow":["GET"]}}],"collection":[{"href":"https:\/\/www.lachabotiere.com\/en\/wp-json\/wp\/v2\/pages"}],"about":[{"href":"https:\/\/www.lachabotiere.com\/en\/wp-json\/wp\/v2\/types\/page"}],"author":[{"embeddable":true,"href":"https:\/\/www.lachabotiere.com\/en\/wp-json\/wp\/v2\/users\/3"}],"replies":[{"embeddable":true,"href":"https:\/\/www.lachabotiere.com\/en\/wp-json\/wp\/v2\/comments?post=1419"}],"version-history":[{"count":4,"href":"https:\/\/www.lachabotiere.com\/en\/wp-json\/wp\/v2\/pages\/1419\/revisions"}],"predecessor-version":[{"id":1660,"href":"https:\/\/www.lachabotiere.com\/en\/wp-json\/wp\/v2\/pages\/1419\/revisions\/1660"}],"up":[{"embeddable":true,"href":"https:\/\/www.lachabotiere.com\/en\/wp-json\/wp\/v2\/pages\/238"}],"wp:featuredmedia":[{"embeddable":true,"href":"https:\/\/www.lachabotiere.com\/en\/wp-json\/wp\/v2\/media\/1349"}],"wp:attachment":[{"href":"https:\/\/www.lachabotiere.com\/en\/wp-json\/wp\/v2\/media?parent=1419"}],"curies":[{"name":"wp","href":"https:\/\/api.w.org\/{rel}","templated":true}]}}